{"id":1503,"date":"2021-06-20T05:45:45","date_gmt":"2021-06-20T05:45:45","guid":{"rendered":"https:\/\/www.attivarti.org\/index.php\/home\/"},"modified":"2022-02-04T11:20:15","modified_gmt":"2022-02-04T11:20:15","slug":"casino-bitcoin","status":"publish","type":"page","link":"https:\/\/www.attivarti.org\/","title":{"rendered":"Casin\u00f2 Bitcoin"},"content":{"rendered":"\n<div class=\"wp-block-cover alignfull\" style=\"min-height:900px\"><span aria-hidden=\"true\" class=\"has-ast-global-color-2-background-color has-background-dim-80 wp-block-cover__gradient-background has-background-dim\"><\/span><img decoding=\"async\" loading=\"lazy\" width=\"2066\" height=\"1371\" class=\"wp-block-cover__image-background wp-image-1676\" alt=\"Casin\u00f2 Bitcoin\" src=\"https:\/\/www.attivarti.org\/wp-content\/uploads\/2022\/02\/bit1.jpg\" data-object-fit=\"cover\"\/><div class=\"wp-block-cover__inner-container\">\n<div style=\"height:100px\" aria-hidden=\"true\" class=\"wp-block-spacer\"><\/div>\n\n\n\n<div class=\"is-layout-flex wp-container-3 wp-block-columns are-vertically-aligned-center\">\n<div class=\"is-layout-flow wp-block-column is-vertically-aligned-center\"><\/div>\n\n\n\n<div class=\"is-layout-flow wp-block-column is-vertically-aligned-center\">\n<h6 class=\"has-text-color\" id=\"le-migliori-offerte-di-benvenuto-dei-casino-bitcoin-in-italia-per-il-2022\" style=\"color:#ffffff\">Le migliori offerte di benvenuto dei casin\u00f2 bitcoin in Italia per il 2022<\/h6>\n\n\n\n<h2 class=\"has-text-color\" id=\"casino-bitcoin\" style=\"color:#ffffff\">Casin\u00f2 Bitcoin<\/h2>\n\n\n\n<p class=\"has-text-color\" style=\"color:#e2e2e2\">Se stai cercando di iscriverti al casin\u00f2 bitcoin ci sono una grande variet\u00e0 di offerte bonus attraenti l\u00e0 fuori per i nuovi clienti. In questo panorama affollato i nostri esperti di scommesse al casin\u00f2 nominano le offerte di bonus che davvero si distinguono dalla massa. Andiamo subito alle offerte di bonus del casin\u00f2 bitcoin che hanno fatto la nostra lista. Se vuoi delle spiegazioni approfondite dei termini usati, le troverai sotto le offerte.<\/p>\n<\/div>\n<\/div>\n<\/div><\/div>\n\n\n\n<div class=\"is-layout-flow wp-block-group alignfull has-ast-global-color-5-background-color has-background\"><div class=\"wp-block-group__inner-container\">\n<figure class=\"is-layout-flex wp-block-gallery-4 wp-block-gallery has-nested-images columns-5\">\n<figure class=\"wp-block-image size-full\"><img decoding=\"async\" loading=\"lazy\" width=\"455\" height=\"111\" src=\"https:\/\/www.attivarti.org\/wp-content\/uploads\/2022\/02\/11.png\" alt=\"\" class=\"wp-image-1681\" srcset=\"https:\/\/www.attivarti.org\/wp-content\/uploads\/2022\/02\/11.png 455w, https:\/\/www.attivarti.org\/wp-content\/uploads\/2022\/02\/11-300x73.png 300w\" sizes=\"(max-width: 455px) 100vw, 455px\" \/><figcaption>200% fino a 0,00736 BTC + Giri Gratis su Starburst<\/figcaption><\/figure>\n\n\n\n<figure class=\"wp-block-image size-full\"><img decoding=\"async\" loading=\"lazy\" width=\"200\" height=\"96\" src=\"https:\/\/www.attivarti.org\/wp-content\/uploads\/2022\/02\/3.png\" alt=\"\" class=\"wp-image-1680\"\/><figcaption>Deposita 0.00037 BTC Ottieni 0.00147 BTC<\/figcaption><\/figure>\n\n\n\n<figure class=\"wp-block-image size-full\"><img decoding=\"async\" loading=\"lazy\" width=\"200\" height=\"96\" src=\"https:\/\/www.attivarti.org\/wp-content\/uploads\/2022\/02\/6.png\" alt=\"\" class=\"wp-image-1691\"\/><figcaption>Fino a 0,00184 BTC bonus di benvenuto<\/figcaption><\/figure>\n\n\n\n<figure class=\"wp-block-image size-full\"><img decoding=\"async\" loading=\"lazy\" width=\"200\" height=\"95\" src=\"https:\/\/www.attivarti.org\/wp-content\/uploads\/2022\/02\/1.png\" alt=\"Casin\u00f2 Bitcoin\" class=\"wp-image-1677\"\/><figcaption>Fino a 300 Giri Bonus<\/figcaption><\/figure>\n\n\n\n<figure class=\"wp-block-image size-full\"><img decoding=\"async\" loading=\"lazy\" width=\"200\" height=\"87\" src=\"https:\/\/www.attivarti.org\/wp-content\/uploads\/2022\/02\/2.png\" alt=\"Casin\u00f2 Bitcoin\" class=\"wp-image-1678\"\/><figcaption>0.00074 BTC Bonus gratuito senza deposito<\/figcaption><\/figure>\n<\/figure>\n<\/div><\/div>\n\n\n\n<div class=\"is-layout-flow wp-block-group alignfull has-ast-global-color-5-background-color has-background\"><div class=\"wp-block-group__inner-container\">\n<h2 class=\"has-text-align-center\" id=\"i-migliori-tipi-di-offerte-di-bonus-per-casino-bitcoin-bonus-di-abbinamento-al-deposito\">I migliori tipi di offerte di bonus per casin\u00f2 bitcoin &#8211; bonus di abbinamento al deposito<\/h2>\n\n\n\n<p class=\"has-text-align-center\">Quando stai cercando le offerte per i nuovi clienti del casin\u00f2 bitcoin, potresti imbatterti in qualcosa che assomiglia a questo:<\/p>\n\n\n\n<div class=\"is-layout-flex wp-container-11 wp-block-columns alignwide are-vertically-aligned-center\">\n<div class=\"is-layout-flow wp-block-column is-vertically-aligned-center\">\n<div class=\"is-layout-flow wp-block-group\"><div class=\"wp-block-group__inner-container\">\n<h4 id=\"deposit-match-bonus-200-fino-a-euro-2000\">Deposit match bonus &#8211; 200% fino a euro 2000<\/h4>\n\n\n\n<p>Con un&#8217;offerta del genere, l&#8217;operatore abbiner\u00e0 il tuo primo deposito, fino a un totale di 200 euro. Quindi, se fai un deposito di 200 euro, riceverai 200 euro extra. Se fate un deposito di 20 euro, riceverete 20 euro. Ci pu\u00f2 essere anche un codice per l&#8217;offerta.<\/p>\n\n\n\n<p>Se fai un deposito pi\u00f9 alto, diciamo 300 euro, riceverai comunque solo 200 euro di bonus.<\/p>\n\n\n\n<p>Il bonus, in questi casi, \u00e8 tipicamente offerto come fondi non prelevabili. In altre parole, il tuo bonus pu\u00f2 essere usato per scommettere, ma non pu\u00f2 essere ritirato in contanti. Le vincite fatte con i fondi del bonus potrebbero essere soggette ai requisiti di scommessa, ai quali arriveremo tra poco.<\/p>\n\n\n\n<p>Ci sono variazioni di questo tipo di bonus. Usiamo un altro esempio.<\/p>\n<\/div><\/div>\n<\/div>\n\n\n\n<div class=\"is-layout-flow wp-block-column is-vertically-aligned-center\">\n<div class=\"is-layout-flow wp-block-group\"><div class=\"wp-block-group__inner-container\">\n<h4 id=\"bonus-abbinato-al-deposito-100-fino-a-100-euro\">Bonus abbinato al deposito &#8211; 100% fino a 100 euro<\/h4>\n\n\n\n<p>In questo esempio, puoi guadagnare 100 euro extra in fondi bonus sul tuo primo deposito.<\/p>\n\n\n\n<p>Questa promozione afferma che il casin\u00f2 bitcoin vi dar\u00e0 il 50% del vostro primo deposito come bonus. Il bonus massimo \u00e8 di 100 euro. Per richiedere l&#8217;intero bonus, dovrai quindi effettuare un deposito di 200 euro.<\/p>\n\n\n\n<p>Se depositi 100 euro, riceverai il 100% di questo importo, il che significa che riceverai 50 euro in fondi bonus.<\/p>\n\n\n\n<p>Tendenzialmente c&#8217;\u00e8 un importo minimo di deposito collegato a questo tipo di offerte. Questo pu\u00f2 variare da operatore a operatore. In generale, per\u00f2, la maggior parte delle offerte di bonus abbinati al deposito richiedono un primo deposito di almeno 20 euro.<\/p>\n\n\n\n<p><\/p>\n<\/div><\/div>\n<\/div>\n<\/div>\n<\/div><\/div>\n\n\n\n<div class=\"is-layout-flow wp-block-group alignfull has-ast-global-color-4-background-color has-background\"><div class=\"wp-block-group__inner-container\">\n<h2 class=\"has-text-align-center\" id=\"i-migliori-tipi-di-offerte-di-bonus-per-casino-bitcoin-scommetti-e-ottieni-offerte\" style=\"font-size:66px\">I migliori tipi di offerte di bonus per casin\u00f2 bitcoin &#8211; scommetti e ottieni offerte<\/h2>\n\n\n\n<p>Le offerte di bonus per casin\u00f2 Bet and Get sono probabilmente le pi\u00f9 familiari agli scommettitori che hanno gi\u00e0 approfittato delle scommesse gratuite dei siti di scommesse sportive. Essi tendono ad assomigliare a questo:<\/p>\n\n\n\n<p><strong>Iscriviti e ricevi 100 euro di bonus quando scommetti 20 euro<\/strong><\/p>\n\n\n\n<p>Queste offerte sono ideali se non vuoi depositare una grande quantit\u00e0 di denaro per provare un nuovo casin\u00f2 bitcoin. A differenza delle offerte di abbinamento dei depositi, spesso otterrai fondi bonus molte volte il valore del tuo primo deposito.<\/p>\n<\/div><\/div>\n\n\n\n<div class=\"is-layout-flow wp-block-group alignfull has-ast-global-color-4-background-color has-background\"><div class=\"wp-block-group__inner-container\">\n<div class=\"wp-block-media-text alignwide is-stacked-on-mobile\" style=\"grid-template-columns:47% auto\"><figure class=\"wp-block-media-text__media\"><img decoding=\"async\" loading=\"lazy\" width=\"674\" height=\"370\" src=\"https:\/\/www.attivarti.org\/wp-content\/uploads\/2022\/02\/bonus2.png\" alt=\"\" class=\"wp-image-1686 size-full\" srcset=\"https:\/\/www.attivarti.org\/wp-content\/uploads\/2022\/02\/bonus2.png 674w, https:\/\/www.attivarti.org\/wp-content\/uploads\/2022\/02\/bonus2-300x165.png 300w\" sizes=\"(max-width: 674px) 100vw, 674px\" \/><\/figure><div class=\"wp-block-media-text__content\">\n<h2 id=\"offerte-di-benvenuto-del-casino-bitcoin-bonus\">Offerte di benvenuto del casin\u00f2 Bitcoin bonus<\/h2>\n\n\n\n<p>\u00c8 facile essere sopraffatti dalle offerte di benvenuto e dai bonus disponibili.<\/p>\n\n\n\n<p>\u00c8 importante ricordare che l&#8217;offerta pi\u00f9 grande non \u00e8 necessariamente la migliore. Un&#8217;offerta di benvenuto potrebbe attirarti attraverso la promessa <a href=\"https:\/\/www.attivarti.org\/index.php\/2022\/02\/04\/i-casino-di-macao-iniziano-il-2022-lentamente\/\">di un&#8217;enorme somma<\/a> in fondi bonus. Potrebbe sembrare un&#8217;offerta attraente, ma i termini e le condizioni potrebbero rendere difficile l&#8217;accesso.<\/p>\n\n\n\n<p>Analizzeremo cosa significano generalmente i termini e le condizioni, cos\u00ec come i requisiti di scommessa e le offerte per i clienti esistenti. I bonus di deposito abbinato sono la forma pi\u00f9 frequente di offerta di benvenuto, e daremo un&#8217;occhiata a questo prima.<\/p>\n<\/div><\/div>\n<\/div><\/div>\n\n\n\n<div class=\"is-layout-flow wp-block-group alignfull has-ast-global-color-4-background-color has-background\"><div class=\"wp-block-group__inner-container\">\n<div class=\"wp-block-media-text alignwide has-media-on-the-right is-stacked-on-mobile\" style=\"grid-template-columns:auto 23%\"><figure class=\"wp-block-media-text__media\"><img decoding=\"async\" loading=\"lazy\" width=\"201\" height=\"300\" src=\"https:\/\/www.attivarti.org\/wp-content\/uploads\/2022\/02\/8.png\" alt=\"Casin\u00f2 Bitcoin\" class=\"wp-image-1700 size-full\"\/><\/figure><div class=\"wp-block-media-text__content\">\n<h2 id=\"giri-gratis-giri-bonus-giri-extra\">Giri gratis\/giri bonus\/giri extra<\/h2>\n\n\n\n<p>I giri gratuiti sono popolari tra molti fan dei casin\u00f2 bitcoin italiani. Generalmente, una promozione che offre giri gratuiti non richiede un&#8217;enorme quantit\u00e0 in termini di deposito, n\u00e9 un requisito di scommessa.<\/p>\n\n\n\n<p>Ci sono per\u00f2 delle restrizioni. La maggior parte delle offerte di giri bonus pu\u00f2 essere usata solo su giochi specifici. Potremmo imbatterci in un&#8217;offerta come questa.<\/p>\n\n\n\n<p>Deposita 20 euro e ricevi 40 giri gratis. Giri gratis da usare entro 5 giorni. Si applicano restrizioni di gioco<\/p>\n\n\n\n<p>Quindi, questa offerta afferma che se facciamo un deposito di 20 euro, riceveremo 40 giri gratis da utilizzare su giochi selezionati. Ricordatevi di controllare le t e le c, con particolare attenzione ai metodi di pagamento e ai <a href=\"https:\/\/it.wikipedia.org\/wiki\/Blackjack\" target=\"_blank\" rel=\"noreferrer noopener\">giochi<\/a>.<\/p>\n\n\n\n<p>In generale, i tuoi giri gratis non possono essere scambiati con contanti prelevabili. Di solito, per\u00f2, qualsiasi vincita ottenuta dai giri gratuiti sar\u00e0 prelevabile. Ancora una volta, fate riferimento ai termini e alle condizioni dell&#8217;offerta specifica.<\/p>\n<\/div><\/div>\n<\/div><\/div>\n\n\n\n<div class=\"is-layout-flow wp-block-group alignfull has-ast-global-color-4-background-color has-background\"><div class=\"wp-block-group__inner-container\">\n<div class=\"is-layout-flex wp-container-17 wp-block-columns alignwide are-vertically-aligned-center\">\n<div class=\"is-layout-flow wp-block-column is-vertically-aligned-center\">\n<h2 id=\"ready-to-get-answers-from-a-qualified-injury-lawyer\">Offerte di bonus per casin\u00f2 Bitcoin &#8211; depositi e prelievi<\/h2>\n\n\n\n<p>Gli importi dei depositi variano a seconda dell&#8217;operatore che stai usando e della promozione stessa. Se un&#8217;offerta dichiara che \u00e8 richiesto un deposito minimo di 20 euro, assicurati di trasferire questo importo. Con un importo inferiore, non ti qualificherai per l&#8217;offerta e avrai perso la possibilit\u00e0 di richiedere un bonus di benvenuto.<\/p>\n\n\n\n<p>Anche i prelievi minimi e massimi possono essere applicati. Pochissime promozioni richiedono un particolare importo di prelievo. In termini di uso generale del sito, per\u00f2, la maggior parte dei casin\u00f2 bitcoin vi chieder\u00e0 di prelevare un importo minimo.<\/p>\n\n\n\n<p>Occasionalmente, \u00e8 possibile prelevare meno di questo importo, ma una tassa potrebbe essere addebitata per farlo. Fate riferimento ai termini e alle condizioni del vostro operatore prima di tentare qualsiasi trasferimento di fondi.<\/p>\n\n\n\n<p>Per le offerte di bonus, possono essere applicate delle restrizioni sul metodo di pagamento. Usiamo un altro esempio. Ci imbattiamo in un bonus di benvenuto come questo:<\/p>\n\n\n\n<p>Deposit match bonus &#8211; 200% fino a 200 euro. Richiesto un deposito minimo di 20 euro. Solo carta di credito\/debito.<\/p>\n\n\n\n<p>Quindi, per questa offerta, \u00e8 necessario effettuare un deposito di 20 euro per iniziare il processo di qualificazione. Solo i depositi effettuati con una carta di credito o di debito saranno validi.<\/p>\n\n\n\n<p>Questo significa che puoi fare un deposito usando qualsiasi metodo accettato, ma per richiedere questo bonus, devi usare una carta. Se depositi usando un altro metodo, come un portafoglio elettronico o un voucher prepagato, il tuo deposito sar\u00e0 accettato ma non potrai richiedere il bonus disponibile.<\/p>\n<\/div>\n<\/div>\n<\/div><\/div>\n\n\n\n<div class=\"is-layout-flow wp-block-group alignfull has-ast-global-color-4-background-color has-background\"><div class=\"wp-block-group__inner-container\">\n<div class=\"is-layout-flex wp-container-20 wp-block-columns alignwide are-vertically-aligned-center\">\n<div class=\"is-layout-flow wp-block-column is-vertically-aligned-center\">\n<h2 id=\"ready-to-get-answers-from-a-qualified-injury-lawyer\">Requisiti di scommessa<\/h2>\n\n\n\n<p>I requisiti di scommessa possono essere una parte frustrante del richiedere qualsiasi tipo di bonus di casin\u00f2 bitcoin. Questi requisiti sono stati oggetto di molte controversie negli ultimi anni.<\/p>\n\n\n\n<p>Gli operatori sono finiti sotto tiro per gli enormi requisiti di scommessa associati alle loro offerte. La maggior parte dei casin\u00f2 bitcoin hanno risposto abbassando questi requisiti, ma fanno ancora parte della maggior parte delle offerte di benvenuto.<\/p>\n\n\n\n<p>Diamo un&#8217;occhiata ad un altro esempio. Trovate un operatore che offre un bonus di 200 euro per i nuovi clienti. I termini e le condizioni dichiarano che si applica un requisito di scommessa 10x. Cosa significa questo?<\/p>\n\n\n\n<p>Essenzialmente, devi depositare e giocare 10 volte l&#8217;importo del tuo deposito prima di poter prelevare qualsiasi fondo. Quindi, se depositi 200 euro, devi depositare e giocare 2.000 euro prima di poter ritirare qualsiasi vincita ottenuta dall&#8217;importo del bonus.<\/p>\n\n\n\n<p>Suona complicato, vero? Sembra anche un modo piuttosto costoso per richiedere un bonus. Ci sono una variet\u00e0 di T&amp;C che possono rendere questi requisiti difficili da soddisfare.<\/p>\n\n\n\n<p>Molti operatori applicano una regola di ponderazione dei giochi. Giocare a certi giochi potrebbe non contribuire a soddisfare questi requisiti. Per esempio, ogni euro 20 puntati sul blackjack potrebbero andare verso i tuoi requisiti di scommessa, ma giocare al poker no.<\/p>\n\n\n\n<p>Ci possono essere anche delle restrizioni temporali. Diciamo che i termini e le condizioni stabiliscono che devi soddisfare i requisiti di scommessa entro sette giorni dall&#8217;apertura del tuo conto. Per gli scopi del nostro esempio, questo significa che dovrai puntare e giocare 2.000 euro entro la tua prima settimana da membro.<\/p>\n\n\n\n<p>Questo, per la maggior parte dei giocatori, \u00e8 molto impegnativo. Un ulteriore problema \u00e8 che qualsiasi vincita che hai fatto con i tuoi fondi bonus sar\u00e0 annullata se non soddisfi i requisiti. Generalmente, i tuoi fondi bonus e le vincite associate saranno tenuti in un &#8216;portafoglio bonus&#8217; fino a quando i requisiti non saranno soddisfatti. Quindi, cosa puoi fare?<\/p>\n\n\n\n<p>Trova un&#8217;offerta in cui i requisiti di scommessa siano facili da soddisfare. Mentre la maggior parte dei casin\u00f2 di bitcoin nel Regno Unito attribuisce dei requisiti di scommessa alle promozioni, molti ora hanno dei requisiti ragionevolmente pi\u00f9 bassi rispetto al passato.<\/p>\n<\/div>\n<\/div>\n<\/div><\/div>\n\n\n\n<div class=\"is-layout-flow wp-block-group alignfull has-ast-global-color-4-background-color has-background\"><div class=\"wp-block-group__inner-container\">\n<div class=\"is-layout-flex wp-container-23 wp-block-columns alignwide are-vertically-aligned-center\">\n<div class=\"is-layout-flow wp-block-column is-vertically-aligned-center\">\n<h2 id=\"ready-to-get-answers-from-a-qualified-injury-lawyer\">Termini e condizioni<\/h2>\n\n\n\n<p>Leggete sempre i termini e le condizioni di qualsiasi offerta di casin\u00f2 bitcoin. Tentare di richiedere un&#8217;offerta, solo per rendersi conto di aver dimenticato un termine chiave associato ad essa, pu\u00f2 essere deludente.<\/p>\n\n\n\n<p>I termini e le condizioni importanti sono, per legge, indicati nell&#8217;offerta stessa. Tuttavia, anche i termini e le condizioni completi dovrebbero essere letti e compresi. Di solito c&#8217;\u00e8 un link ai termini e alle condizioni complete nell&#8217;intestazione di un&#8217;offerta.<\/p>\n\n\n\n<p>Diciamo che ci imbattiamo in un&#8217;offerta come questa:<\/p>\n\n\n\n<p>Deposito match bonus &#8211; 200% fino a 200 euro. 20 euro di deposito minimo richiesto. Solo carta di credito\/debito. Si applica il requisito di scommessa 20x.<\/p>\n\n\n\n<p>Quindi, le informazioni essenziali sono visualizzate. Il bonus \u00e8 un match di deposito fino a 200 euro. Dobbiamo fare un deposito con una carta di credito o di debito di almeno 20 euro. Possiamo anche vedere che questa offerta ha un requisito di scommessa 20x.<\/p>\n\n\n\n<p>Cos&#8217;altro dobbiamo sapere? Si applica una restrizione temporale? E le ponderazioni dei giochi? Soddisfare i termini significativi non significa sempre che puoi qualificarti per un&#8217;offerta. Questo \u00e8 il motivo per cui \u00e8 necessario leggere i termini e le condizioni complete.<\/p>\n<\/div>\n<\/div>\n<\/div><\/div>\n\n\n\n<div class=\"is-layout-flow wp-block-group alignfull has-ast-global-color-4-background-color has-background\"><div class=\"wp-block-group__inner-container\">\n<div class=\"is-layout-flex wp-container-26 wp-block-columns alignwide are-vertically-aligned-center\">\n<div class=\"is-layout-flow wp-block-column is-vertically-aligned-center\">\n<h2 id=\"ready-to-get-answers-from-a-qualified-injury-lawyer\">Offerte per i clienti esistenti<\/h2>\n\n\n\n<p>La maggior parte dei casin\u00f2 bitcoin offrono promozioni anche per i clienti esistenti.<\/p>\n\n\n\n<p>Queste vanno da offerte di ricarica e giri gratuiti a bonus doppi e rollover.<\/p>\n\n\n\n<p>In generale, i termini e le condizioni per le promozioni per i clienti esistenti sono meno restrittivi di un bonus per nuovi clienti.<\/p>\n\n\n\n<p>Tuttavia, \u00e8 importante leggere tutti i termini e le condizioni associate a qualsiasi bonus per clienti esistenti.<\/p>\n<\/div>\n<\/div>\n<\/div><\/div>\n","protected":false},"excerpt":{"rendered":"<p>I migliori tipi di offerte di bonus per casin\u00f2 bitcoin &#8211; bonus di abbinamento al deposito Quando stai cercando le offerte per i nuovi clienti del casin\u00f2 bitcoin, potresti imbatterti in qualcosa che assomiglia a questo: Deposit match bonus &#8211; 200% fino a euro 2000 Con un&#8217;offerta del genere, l&#8217;operatore abbiner\u00e0 il tuo primo deposito, &hellip;<\/p>\n<p class=\"read-more\"> <a class=\"\" href=\"https:\/\/www.attivarti.org\/\"> <span class=\"screen-reader-text\">Casin\u00f2 Bitcoin<\/span> Read More &raquo;<\/a><\/p>\n","protected":false},"author":1,"featured_media":0,"parent":0,"menu_order":0,"comment_status":"closed","ping_status":"closed","template":"","meta":{"site-sidebar-layout":"no-sidebar","site-content-layout":"plain-container","ast-global-header-display":"","ast-main-header-display":"","ast-hfb-above-header-display":"","ast-hfb-below-header-display":"","ast-hfb-mobile-header-display":"","site-post-title":"disabled","ast-breadcrumbs-content":"disabled","ast-featured-img":"disabled","footer-sml-layout":"","theme-transparent-header-meta":"enabled","adv-header-id-meta":"","stick-header-meta":"","header-above-stick-meta":"","header-main-stick-meta":"","header-below-stick-meta":""},"yoast_head":"<!-- This site is optimized with the Yoast SEO plugin v20.1 - https:\/\/yoast.com\/wordpress\/plugins\/seo\/ -->\n<title>Casin\u00f2 Bitcoin - Giochi da Casin\u00f2 Online<\/title>\n<meta name=\"description\" content=\"Se stai cercando di iscriverti al casin\u00f2 bitcoin ci sono una grande variet\u00e0 di offerte bonus attraenti l\u00e0 fuori per i nuovi clienti.\" \/>\n<meta name=\"robots\" content=\"index, follow, max-snippet:-1, max-image-preview:large, max-video-preview:-1\" \/>\n<link rel=\"canonical\" href=\"https:\/\/www.attivarti.org\/\" \/>\n<meta property=\"og:locale\" content=\"en_US\" \/>\n<meta property=\"og:type\" content=\"article\" \/>\n<meta property=\"og:title\" content=\"Casin\u00f2 Bitcoin - Giochi da Casin\u00f2 Online\" \/>\n<meta property=\"og:description\" content=\"Se stai cercando di iscriverti al casin\u00f2 bitcoin ci sono una grande variet\u00e0 di offerte bonus attraenti l\u00e0 fuori per i nuovi clienti.\" \/>\n<meta property=\"og:url\" content=\"https:\/\/www.attivarti.org\/\" \/>\n<meta property=\"og:site_name\" content=\"Giochi da Casin\u00f2 Online\" \/>\n<meta property=\"article:modified_time\" content=\"2022-02-04T11:20:15+00:00\" \/>\n<meta property=\"og:image\" content=\"https:\/\/www.attivarti.org\/wp-content\/uploads\/2022\/02\/bit1.jpg\" \/>\n<meta name=\"twitter:card\" content=\"summary_large_image\" \/>\n<meta name=\"twitter:label1\" content=\"Est. reading time\" \/>\n\t<meta name=\"twitter:data1\" content=\"9 minutes\" \/>\n<script type=\"application\/ld+json\" class=\"yoast-schema-graph\">{\"@context\":\"https:\/\/schema.org\",\"@graph\":[{\"@type\":\"WebPage\",\"@id\":\"https:\/\/www.attivarti.org\/\",\"url\":\"https:\/\/www.attivarti.org\/\",\"name\":\"Casin\u00f2 Bitcoin - Giochi da Casin\u00f2 Online\",\"isPartOf\":{\"@id\":\"https:\/\/www.attivarti.org\/#website\"},\"datePublished\":\"2021-06-20T05:45:45+00:00\",\"dateModified\":\"2022-02-04T11:20:15+00:00\",\"description\":\"Se stai cercando di iscriverti al casin\u00f2 bitcoin ci sono una grande variet\u00e0 di offerte bonus attraenti l\u00e0 fuori per i nuovi clienti.\",\"breadcrumb\":{\"@id\":\"https:\/\/www.attivarti.org\/#breadcrumb\"},\"inLanguage\":\"en-US\",\"potentialAction\":[{\"@type\":\"ReadAction\",\"target\":[\"https:\/\/www.attivarti.org\/\"]}]},{\"@type\":\"BreadcrumbList\",\"@id\":\"https:\/\/www.attivarti.org\/#breadcrumb\",\"itemListElement\":[{\"@type\":\"ListItem\",\"position\":1,\"name\":\"Home\",\"item\":\"https:\/\/www.attivarti.org\/\"},{\"@type\":\"ListItem\",\"position\":2,\"name\":\"Casin\u00f2 Bitcoin\"}]},{\"@type\":\"WebSite\",\"@id\":\"https:\/\/www.attivarti.org\/#website\",\"url\":\"https:\/\/www.attivarti.org\/\",\"name\":\"Giochi da Casin\u00f2 Online\",\"description\":\"\",\"potentialAction\":[{\"@type\":\"SearchAction\",\"target\":{\"@type\":\"EntryPoint\",\"urlTemplate\":\"https:\/\/www.attivarti.org\/?s={search_term_string}\"},\"query-input\":\"required name=search_term_string\"}],\"inLanguage\":\"en-US\"}]}<\/script>\n<!-- \/ Yoast SEO plugin. -->","yoast_head_json":{"title":"Casin\u00f2 Bitcoin - Giochi da Casin\u00f2 Online","description":"Se stai cercando di iscriverti al casin\u00f2 bitcoin ci sono una grande variet\u00e0 di offerte bonus attraenti l\u00e0 fuori per i nuovi clienti.","robots":{"index":"index","follow":"follow","max-snippet":"max-snippet:-1","max-image-preview":"max-image-preview:large","max-video-preview":"max-video-preview:-1"},"canonical":"https:\/\/www.attivarti.org\/","og_locale":"en_US","og_type":"article","og_title":"Casin\u00f2 Bitcoin - Giochi da Casin\u00f2 Online","og_description":"Se stai cercando di iscriverti al casin\u00f2 bitcoin ci sono una grande variet\u00e0 di offerte bonus attraenti l\u00e0 fuori per i nuovi clienti.","og_url":"https:\/\/www.attivarti.org\/","og_site_name":"Giochi da Casin\u00f2 Online","article_modified_time":"2022-02-04T11:20:15+00:00","og_image":[{"url":"https:\/\/www.attivarti.org\/wp-content\/uploads\/2022\/02\/bit1.jpg"}],"twitter_card":"summary_large_image","twitter_misc":{"Est. reading time":"9 minutes"},"schema":{"@context":"https:\/\/schema.org","@graph":[{"@type":"WebPage","@id":"https:\/\/www.attivarti.org\/","url":"https:\/\/www.attivarti.org\/","name":"Casin\u00f2 Bitcoin - Giochi da Casin\u00f2 Online","isPartOf":{"@id":"https:\/\/www.attivarti.org\/#website"},"datePublished":"2021-06-20T05:45:45+00:00","dateModified":"2022-02-04T11:20:15+00:00","description":"Se stai cercando di iscriverti al casin\u00f2 bitcoin ci sono una grande variet\u00e0 di offerte bonus attraenti l\u00e0 fuori per i nuovi clienti.","breadcrumb":{"@id":"https:\/\/www.attivarti.org\/#breadcrumb"},"inLanguage":"en-US","potentialAction":[{"@type":"ReadAction","target":["https:\/\/www.attivarti.org\/"]}]},{"@type":"BreadcrumbList","@id":"https:\/\/www.attivarti.org\/#breadcrumb","itemListElement":[{"@type":"ListItem","position":1,"name":"Home","item":"https:\/\/www.attivarti.org\/"},{"@type":"ListItem","position":2,"name":"Casin\u00f2 Bitcoin"}]},{"@type":"WebSite","@id":"https:\/\/www.attivarti.org\/#website","url":"https:\/\/www.attivarti.org\/","name":"Giochi da Casin\u00f2 Online","description":"","potentialAction":[{"@type":"SearchAction","target":{"@type":"EntryPoint","urlTemplate":"https:\/\/www.attivarti.org\/?s={search_term_string}"},"query-input":"required name=search_term_string"}],"inLanguage":"en-US"}]}},"_links":{"self":[{"href":"https:\/\/www.attivarti.org\/index.php\/wp-json\/wp\/v2\/pages\/1503"}],"collection":[{"href":"https:\/\/www.attivarti.org\/index.php\/wp-json\/wp\/v2\/pages"}],"about":[{"href":"https:\/\/www.attivarti.org\/index.php\/wp-json\/wp\/v2\/types\/page"}],"author":[{"embeddable":true,"href":"https:\/\/www.attivarti.org\/index.php\/wp-json\/wp\/v2\/users\/1"}],"replies":[{"embeddable":true,"href":"https:\/\/www.attivarti.org\/index.php\/wp-json\/wp\/v2\/comments?post=1503"}],"version-history":[{"count":14,"href":"https:\/\/www.attivarti.org\/index.php\/wp-json\/wp\/v2\/pages\/1503\/revisions"}],"predecessor-version":[{"id":1712,"href":"https:\/\/www.attivarti.org\/index.php\/wp-json\/wp\/v2\/pages\/1503\/revisions\/1712"}],"wp:attachment":[{"href":"https:\/\/www.attivarti.org\/index.php\/wp-json\/wp\/v2\/media?parent=1503"}],"curies":[{"name":"wp","href":"https:\/\/api.w.org\/{rel}","templated":true}]}}